{"id":377,"date":"2024-04-26T09:47:36","date_gmt":"2024-04-26T09:47:36","guid":{"rendered":"https:\/\/davidcabrerizo.com\/aviso-legal-copy\/"},"modified":"2024-04-26T09:48:53","modified_gmt":"2024-04-26T09:48:53","slug":"politica-de-privacidad","status":"publish","type":"page","link":"https:\/\/davidcabrerizo.com\/es\/politica-de-privacidad\/","title":{"rendered":"Pol\u00edtica de privacidad"},"content":{"rendered":"<div data-elementor-type=\"wp-page\" data-elementor-id=\"377\" class=\"elementor elementor-377\" data-elementor-post-type=\"page\">\n\t\t\t\t<div class=\"elementor-element elementor-element-02b3cfe e-con-full e-flex e-con e-parent\" data-id=\"02b3cfe\" data-element_type=\"container\" data-settings=\"{&quot;background_background&quot;:&quot;classic&quot;}\">\n\t\t<div class=\"elementor-element elementor-element-5cd7492 e-flex e-con-boxed e-con e-child\" data-id=\"5cd7492\" data-element_type=\"container\">\n\t\t\t\t\t<div class=\"e-con-inner\">\n\t\t\t\t<div class=\"elementor-element elementor-element-0c6a98a elementor-icon-list--layout-inline elementor-list-item-link-full_width elementor-widget elementor-widget-icon-list\" data-id=\"0c6a98a\" data-element_type=\"widget\" data-widget_type=\"icon-list.default\">\n\t\t\t\t<div class=\"elementor-widget-container\">\n\t\t\t<link rel=\"stylesheet\" href=\"https:\/\/davidcabrerizo.com\/wp-content\/plugins\/elementor\/assets\/css\/widget-icon-list.min.css\">\t\t<ul class=\"elementor-icon-list-items elementor-inline-items\">\n\t\t\t\t\t\t\t<li class=\"elementor-icon-list-item elementor-inline-item\">\n\t\t\t\t\t\t\t\t\t\t\t<a href=\"https:\/\/davidcabrerizo.com\/es\">\n\n\t\t\t\t\t\t\t\t\t\t\t<span class=\"elementor-icon-list-text\">Inicio<\/span>\n\t\t\t\t\t\t\t\t\t\t\t<\/a>\n\t\t\t\t\t\t\t\t\t<\/li>\n\t\t\t\t\t\t\t\t<li class=\"elementor-icon-list-item elementor-inline-item\">\n\t\t\t\t\t\t\t\t\t\t\t<a href=\"https:\/\/davidcabrerizo.com\/es\/david-cabrerizo\/\">\n\n\t\t\t\t\t\t\t\t\t\t\t\t<span class=\"elementor-icon-list-icon\">\n\t\t\t\t\t\t\t<i aria-hidden=\"true\" class=\"arrow_carrot-right\"><\/i>\t\t\t\t\t\t<\/span>\n\t\t\t\t\t\t\t\t\t\t<span class=\"elementor-icon-list-text\"><\/span>\n\t\t\t\t\t\t\t\t\t\t\t<\/a>\n\t\t\t\t\t\t\t\t\t<\/li>\n\t\t\t\t\t\t<\/ul>\n\t\t\t\t<\/div>\n\t\t\t\t<\/div>\n\t\t\t\t\t<\/div>\n\t\t\t\t<\/div>\n\t\t<div class=\"elementor-element elementor-element-12d5371 elementor-hidden-mobile e-flex e-con-boxed e-con e-child\" data-id=\"12d5371\" data-element_type=\"container\">\n\t\t\t\t\t<div class=\"e-con-inner\">\n\t\t\t\t\t<\/div>\n\t\t\t\t<\/div>\n\t\t\t\t<\/div>\n\t\t<div class=\"elementor-element elementor-element-534b784 e-flex e-con-boxed e-con e-parent\" data-id=\"534b784\" data-element_type=\"container\">\n\t\t\t\t\t<div class=\"e-con-inner\">\n\t\t\t\t<div class=\"elementor-element elementor-element-f4f5ef5 elementor-widget elementor-widget-text-editor\" data-id=\"f4f5ef5\" data-element_type=\"widget\" data-widget_type=\"text-editor.default\">\n\t\t\t\t<div class=\"elementor-widget-container\">\n\t\t\t<style>\/*! elementor - v3.21.0 - 30-04-2024 *\/\n.elementor-widget-text-editor.elementor-drop-cap-view-stacked .elementor-drop-cap{background-color:#69727d;color:#fff}.elementor-widget-text-editor.elementor-drop-cap-view-framed .elementor-drop-cap{color:#69727d;border:3px solid;background-color:transparent}.elementor-widget-text-editor:not(.elementor-drop-cap-view-default) .elementor-drop-cap{margin-top:8px}.elementor-widget-text-editor:not(.elementor-drop-cap-view-default) .elementor-drop-cap-letter{width:1em;height:1em}.elementor-widget-text-editor .elementor-drop-cap{float:left;text-align:center;line-height:1;font-size:50px}.elementor-widget-text-editor .elementor-drop-cap-letter{display:inline-block}<\/style>\t\t\t\t<h2 class=\"wp-block-heading\">1.- INFORMACI\u00d3N AL USUARIO<\/h2><p>El sitio web informa a los usuarios del sitio web sobre su pol\u00edtica respecto al tratamiento y protecci\u00f3n de las datos de car\u00e1cter personal de los usuarios y clientes que puedan ser solicitados por la navegaci\u00f3n a trav\u00e9s de su sitio web.<\/p><p>El sitio web es el Responsable del tratamiento de las datos personales del usuario, por lo que se le facilita la siguiente informaci\u00f3n referente al tratamiento de sus datos:<\/p><p><strong>Criterios de conservaci\u00f3n de las datos<\/strong>\u00a0: Las datos personales proporcionados se conservar\u00e1n hasta que no se solicite la suspensi\u00f3n por parte del interesado, ejerciendo sus derechos sobre las datos, y en cualquier caso en cumplimiento de plazos legales de prescripci\u00f3n que le sean de aplicaci\u00f3n.<\/p><p><strong>Derechos de los interesados<\/strong>\u00a0:<\/p><ul><li>Derecho a retirar su consentimiento en cualquier momento.<\/li><li>Derecho de acceso, rectificaci\u00f3n, supresi\u00f3n, portabilidad de sus datos ya la limitaci\u00f3n u oposici\u00f3n del tratamiento, as\u00ed como no ser objeto de decisiones individuales automatizadas.<\/li><\/ul><p><strong>Datos de contacto para ejercer sus derechos<\/strong>\u00a0:<\/p><p>Se debe identificar debidamente y solicitar claramente el derecho de ejercer.<\/p><ul><li>Web: www.veronicapons.com<\/li><li>N\u00famero: Veronica Caballero Pons<\/li><li>CIF: 46787229P<\/li><li>Direcci\u00f3n: Calle Mercaders, 30 17004 Girona<\/li><li>Tel\u00e9fono: 677578280<\/li><li>Mail: veronica@veronicapons.com<\/li><\/ul><h2 class=\"wp-block-heading\">2.- INFORMACI\u00d3N FACILITADA POR EL USUARIO<\/h2><p>Si es menor de 18 a\u00f1os no est\u00e1 permitido el uso de formularios en nuestra web.<\/p><p>Los Usuarios, introduciendo sus datos en los formularios de contacto o presentados en formularios de descarga, aceptan expresamente y de forma libre e inequ\u00edvoca, que sus datos son necesarios para atender su petici\u00f3n, por parte del Responsable, siendo voluntaria la inclusi\u00f3n de datos en los campos restantes.<\/p><p>El Usuario garantiza que las datos personales facilitados son veraces y se hace responsable de comunicar cualquier modificaci\u00f3n.<\/p><p>Todas las datos solicitadas a trav\u00e9s del sitio web son necesarias para prestar un servicio \u00f3ptimo al Usuario. En caso de que no sean facilitadas todas las datos, no se garantiza que la informaci\u00f3n y servicios que el Responsable le facilite, sean completamente ajustados a sus necesidades.<\/p><h2 class=\"wp-block-heading\">3.- MEDIDAS DE SEGURIDAD<\/h2><p>Que de conformidad con lo que disponen las normativas vigentes en materia de protecci\u00f3n de datos personales, el Responsable est\u00e1 cumpliendo con todas las disposiciones de las normativas RGPD y LOPD para el tratamiento de las datos personales de su responsabilidad, las cuales son tratadas de forma l\u00edcita , leal y transparente en relaci\u00f3n con el interesado y adecuados, pertinentes y limitados a lo necesario en relaci\u00f3n con los fines para los que son tratados.<\/p><p>El Responsable garantiza que ha implementado pol\u00edticas t\u00e9cnicas y organizativas apropiadas para aplicar las medidas de seguridad que establecen el RGPD y la LOPD para proteger los derechos y libertades de los usuarios y les ha comunicado la informaci\u00f3n adecuada para que puedan ejercerlos.<\/p><h2 class=\"wp-block-heading\">4.- BRECHAS DE SEGURIDAD<\/h2><p>El Responsable informar\u00e1 sobre cualquier brecha de seguridad que afecte a la base de datos que utiliza este sitio web, o que afecte a cualquiera de nuestros servicios de terceros, todas y cada una de las personas, datos de los que puedan haber sido afectados, y autoridades, dentro de las 72 horas siguientes a la detecci\u00f3n de la brecha.<\/p><h2 class=\"wp-block-heading\">LEGISLACI\u00d3N APLICABLE Y JURISDICCI\u00d3N<\/h2><p>Para la resoluci\u00f3n de todas las controversias o cuestiones relacionadas con el presente sitio web o de las actividades que se desarrollen, ser\u00e1 de aplicaci\u00f3n la legislaci\u00f3n espa\u00f1ola, a la que se someten expresamente las partes, siendo competentes para la resoluci\u00f3n de todos los conflictos derivados o relacionados con el uso de los Juzgados y Tribunales de Barcelona.<\/p>\t\t\t\t\t\t<\/div>\n\t\t\t\t<\/div>\n\t\t\t\t\t<\/div>\n\t\t\t\t<\/div>\n\t\t\t\t<\/div>","protected":false},"excerpt":{"rendered":"<p>Inicio 1.- INFORMACI\u00d3N AL USUARIO El sitio web informa a los usuarios del sitio web sobre su pol\u00edtica respecto al tratamiento y protecci\u00f3n de las datos de car\u00e1cter personal de los usuarios y clientes que puedan ser solicitados por la navegaci\u00f3n a trav\u00e9s de su sitio web. El sitio web es el Responsable del tratamiento [\u2026]<\/p>","protected":false},"author":1,"featured_media":0,"parent":0,"menu_order":9,"comment_status":"closed","ping_status":"closed","template":"","meta":{"footnotes":""},"class_list":["post-377","page","type-page","status-publish","hentry"],"yoast_head":"<!-- This site is optimized with the Yoast SEO plugin v22.8 - https:\/\/yoast.com\/wordpress\/plugins\/seo\/ -->\n<title>Pol\u00edtica de privacidad - David Cabrerizo | DOG COACH<\/title>\n<meta name=\"robots\" content=\"index, follow, max-snippet:-1, max-image-preview:large, max-video-preview:-1\" \/>\n<link rel=\"canonical\" href=\"https:\/\/davidcabrerizo.com\/es\/politica-de-privacidad\/\" \/>\n<meta property=\"og:locale\" content=\"es_ES\" \/>\n<meta property=\"og:type\" content=\"article\" \/>\n<meta property=\"og:title\" content=\"Pol\u00edtica de privacidad - David Cabrerizo | DOG COACH\" \/>\n<meta property=\"og:description\" content=\"Inici 1.- INFORMACI\u00d3N AL USUARIO El sitio web informa a los usuarios del sitio web sobre su pol\u00edtica respecto al tratamiento y protecci\u00f3n de los datos de car\u00e1cter personal de los usuarios y clientes que puedan ser solicitados por la navegaci\u00f3n a trav\u00e9s de su sitio web. El sitio web es el Responsable del tratamiento [&hellip;]\" \/>\n<meta property=\"og:url\" content=\"https:\/\/davidcabrerizo.com\/es\/politica-de-privacidad\/\" \/>\n<meta property=\"og:site_name\" content=\"David Cabrerizo | DOG COACH\" \/>\n<meta property=\"article:modified_time\" content=\"2024-04-26T09:48:53+00:00\" \/>\n<meta name=\"twitter:card\" content=\"summary_large_image\" \/>\n<meta name=\"twitter:label1\" content=\"Tiempo de lectura\" \/>\n\t<meta name=\"twitter:data1\" content=\"3 minutos\" \/>\n<script type=\"application\/ld+json\" class=\"yoast-schema-graph\">{\"@context\":\"https:\/\/schema.org\",\"@graph\":[{\"@type\":\"WebPage\",\"@id\":\"https:\/\/davidcabrerizo.com\/politica-de-privacidad\/\",\"url\":\"https:\/\/davidcabrerizo.com\/politica-de-privacidad\/\",\"name\":\"Pol\u00edtica de privacidad - David Cabrerizo | DOG COACH\",\"isPartOf\":{\"@id\":\"https:\/\/davidcabrerizo.com\/#website\"},\"datePublished\":\"2024-04-26T09:47:36+00:00\",\"dateModified\":\"2024-04-26T09:48:53+00:00\",\"breadcrumb\":{\"@id\":\"https:\/\/davidcabrerizo.com\/politica-de-privacidad\/#breadcrumb\"},\"inLanguage\":\"es\",\"potentialAction\":[{\"@type\":\"ReadAction\",\"target\":[\"https:\/\/davidcabrerizo.com\/politica-de-privacidad\/\"]}]},{\"@type\":\"BreadcrumbList\",\"@id\":\"https:\/\/davidcabrerizo.com\/politica-de-privacidad\/#breadcrumb\",\"itemListElement\":[{\"@type\":\"ListItem\",\"position\":1,\"name\":\"Inici\",\"item\":\"https:\/\/davidcabrerizo.com\/\"},{\"@type\":\"ListItem\",\"position\":2,\"name\":\"Pol\u00edtica de privacidad\"}]},{\"@type\":\"WebSite\",\"@id\":\"https:\/\/davidcabrerizo.com\/#website\",\"url\":\"https:\/\/davidcabrerizo.com\/\",\"name\":\"David Cabrerizo | DOG COACH\",\"description\":\"\",\"potentialAction\":[{\"@type\":\"SearchAction\",\"target\":{\"@type\":\"EntryPoint\",\"urlTemplate\":\"https:\/\/davidcabrerizo.com\/?s={search_term_string}\"},\"query-input\":\"required name=search_term_string\"}],\"inLanguage\":\"es\"}]}<\/script>\n<!-- \/ Yoast SEO plugin. -->","yoast_head_json":{"title":"Pol\u00edtica de privacidad - David Cabrerizo | DOG COACH","robots":{"index":"index","follow":"follow","max-snippet":"max-snippet:-1","max-image-preview":"max-image-preview:large","max-video-preview":"max-video-preview:-1"},"canonical":"https:\/\/davidcabrerizo.com\/es\/politica-de-privacidad\/","og_locale":"es_ES","og_type":"article","og_title":"Pol\u00edtica de privacidad - David Cabrerizo | DOG COACH","og_description":"Inici 1.- INFORMACI\u00d3N AL USUARIO El sitio web informa a los usuarios del sitio web sobre su pol\u00edtica respecto al tratamiento y protecci\u00f3n de los datos de car\u00e1cter personal de los usuarios y clientes que puedan ser solicitados por la navegaci\u00f3n a trav\u00e9s de su sitio web. El sitio web es el Responsable del tratamiento [&hellip;]","og_url":"https:\/\/davidcabrerizo.com\/es\/politica-de-privacidad\/","og_site_name":"David Cabrerizo | DOG COACH","article_modified_time":"2024-04-26T09:48:53+00:00","twitter_card":"summary_large_image","twitter_misc":{"Tiempo de lectura":"3 minutos"},"schema":{"@context":"https:\/\/schema.org","@graph":[{"@type":"WebPage","@id":"https:\/\/davidcabrerizo.com\/politica-de-privacidad\/","url":"https:\/\/davidcabrerizo.com\/politica-de-privacidad\/","name":"Pol\u00edtica de privacidad - David Cabrerizo | DOG COACH","isPartOf":{"@id":"https:\/\/davidcabrerizo.com\/#website"},"datePublished":"2024-04-26T09:47:36+00:00","dateModified":"2024-04-26T09:48:53+00:00","breadcrumb":{"@id":"https:\/\/davidcabrerizo.com\/politica-de-privacidad\/#breadcrumb"},"inLanguage":"es","potentialAction":[{"@type":"ReadAction","target":["https:\/\/davidcabrerizo.com\/politica-de-privacidad\/"]}]},{"@type":"BreadcrumbList","@id":"https:\/\/davidcabrerizo.com\/politica-de-privacidad\/#breadcrumb","itemListElement":[{"@type":"ListItem","position":1,"name":"Inici","item":"https:\/\/davidcabrerizo.com\/"},{"@type":"ListItem","position":2,"name":"Pol\u00edtica de privacidad"}]},{"@type":"WebSite","@id":"https:\/\/davidcabrerizo.com\/#website","url":"https:\/\/davidcabrerizo.com\/","name":"David Cabrerizo | DOG COACH","description":"","potentialAction":[{"@type":"SearchAction","target":{"@type":"EntryPoint","urlTemplate":"https:\/\/davidcabrerizo.com\/?s={search_term_string}"},"query-input":"required name=search_term_string"}],"inLanguage":"es"}]}},"_links":{"self":[{"href":"https:\/\/davidcabrerizo.com\/es\/wp-json\/wp\/v2\/pages\/377","targetHints":{"allow":["GET"]}}],"collection":[{"href":"https:\/\/davidcabrerizo.com\/es\/wp-json\/wp\/v2\/pages"}],"about":[{"href":"https:\/\/davidcabrerizo.com\/es\/wp-json\/wp\/v2\/types\/page"}],"author":[{"embeddable":true,"href":"https:\/\/davidcabrerizo.com\/es\/wp-json\/wp\/v2\/users\/1"}],"replies":[{"embeddable":true,"href":"https:\/\/davidcabrerizo.com\/es\/wp-json\/wp\/v2\/comments?post=377"}],"version-history":[{"count":7,"href":"https:\/\/davidcabrerizo.com\/es\/wp-json\/wp\/v2\/pages\/377\/revisions"}],"predecessor-version":[{"id":384,"href":"https:\/\/davidcabrerizo.com\/es\/wp-json\/wp\/v2\/pages\/377\/revisions\/384"}],"wp:attachment":[{"href":"https:\/\/davidcabrerizo.com\/es\/wp-json\/wp\/v2\/media?parent=377"}],"curies":[{"name":"wp","href":"https:\/\/api.w.org\/{rel}","templated":true}]}}